{"id":391,"date":"2024-05-16T11:54:07","date_gmt":"2024-05-16T14:54:07","guid":{"rendered":"https:\/\/tampaonooculos.com.br\/?post_type=product&#038;p=391"},"modified":"2026-03-31T15:10:57","modified_gmt":"2026-03-31T18:10:57","slug":"batman","status":"publish","type":"product","link":"https:\/\/tampaonooculos.com.br\/?product=batman","title":{"rendered":"Batman Bat-Sinal"},"content":{"rendered":"<p>OCLUSOR OCULAR INFANTIL &#8211; TAMP\u00c3O NO \u00d3CULOS<\/p>\n<p>Transforme o momento da oclus\u00e3o em uma experi\u00eancia divertida, confort\u00e1vel e cheia de imagina\u00e7\u00e3o!<\/p>\n<p>Agora com NOVOS PERSONAGENS!<br \/>\nSuper-her\u00f3is, princesas e personagens que as crian\u00e7as adoram chegaram para deixar o dia a dia delas mais alegre e cheio de cor! Ideal para estimular a aceita\u00e7\u00e3o do uso do tamp\u00e3o.<\/p>\n<p>O EVA \u00e9 um material el\u00e1stico e flex\u00edvel, por isso se ajusta mais f\u00e1cil aos diversos tamanhos de arma\u00e7\u00e3o. Adapta-se a qualquer \u00f3culos infantil, inclusive nos flex\u00edveis ou de silicone (como Miraflex).<\/p>\n<p>CARACTER\u00cdSTICAS DO PRODUTO:<\/p>\n<p>Material: EVA com glitter<br \/>\nUtiliza\u00e7\u00e3o: Encaixado no \u00f3culos, \u00e9 necess\u00e1rio que a crian\u00e7a tenha uma arma\u00e7\u00e3o.<br \/>\nManuten\u00e7\u00e3o: S\u00e3o reutiliz\u00e1veis, n\u00e3o lav\u00e1veis<br \/>\nFinalidade: Tratamentos para ambliopia e\/ou estrabismo<\/p>\n<p>QUAL TAMANHO ESCOLHER?<\/p>\n<p>Voc\u00ea precisa medir a ALTURA DA ARMA\u00c7\u00c3O do \u00f3culos.<\/p>\n<p>TAMANHO P<br \/>\n=&gt; Arma\u00e7\u00f5es de silicone tipo miraflex (flex\u00edveis), que s\u00e3o mais grossas, com altura entre 3,0 cm at\u00e9 3,6 cm<br \/>\n=&gt; Arma\u00e7\u00f5es de acetato, com altura entre 3,5 cm at\u00e9 3,9 cm<br \/>\n*Se a arma\u00e7\u00e3o tem menos de 3,0 cm de altura, esse tamp\u00e3o n\u00e3o \u00e9 indicado.<\/p>\n<p>TAMANHO M:<br \/>\n=&gt;Arma\u00e7\u00f5es de acetato com altura entre 4,0 cm at\u00e9 4,4 cm<br \/>\n=&gt;Arma\u00e7\u00f5es de metal com altura entre 4,3 cm at\u00e9 4,5 cm<\/p>\n<p>TAMANHO G:<br \/>\n=&gt;Arma\u00e7\u00f5es de acetato com altura entre 4,5 cm at\u00e9 4,9 cm<br \/>\n=&gt;Arma\u00e7\u00f5es de metal com altura entre 4,5 cm at\u00e9 5,1 cm<\/p>\n<p>Aten\u00e7\u00e3o: Este produto n\u00e3o \u00e9 recomendado para crian\u00e7as menores de 3 anos por conter partes pequenas.<\/p>\n<p>===&gt; IMPORTANTE:<br \/>\n\u00c9 necess\u00e1rio escolher qual lado ficar\u00e1 no \u00f3culos: ESQUERDO OU DIREITO. Caso escolha o lado errado, o desenho ficar\u00e1 de ponta-cabe\u00e7a.<\/p>\n<p>Observa\u00e7\u00f5es:<br \/>\n*Devido \u00e0 natureza artesanal de nossos produtos, podem ocorrer sutis diferen\u00e7as de tonalidade e dimens\u00f5es comparadas \u00e0 imagem.<br \/>\n**N\u00e3o acompanha \u00f3culos ou arma\u00e7\u00e3o.<\/p>\n<p>&#8212;&#8212;&#8212;&#8212;&#8212;&#8212;&#8212;&#8211;*&#8212;&#8212;&#8212;&#8212;&#8212;&#8212;&#8212;&#8212;&#8211;<br \/>\nEsses oclusores foram criados porque meu filho aos 6 anos, precisou usar oclusor e ele queria o personagem flash e com brilho, como n\u00e3o encontrei do jeito que ele queria, resolvi fazer eu mesma, usando EVA com glitter que tinha o brilho que ele queria.<\/p>\n<p>Para minha surpresa, ele foi todo feliz para a escola usando o oclusor! Depois, fiz outros personagens, e ele usou o per\u00edodo todo sem reclamar. As m\u00e3es da turma, na \u00e9poca, me mandavam mensagens perguntando o que meu filho estava usando, porque at\u00e9 as crian\u00e7as que n\u00e3o precisavam de \u00f3culos queriam usar tamb\u00e9m. E foi assim que nasceu a Tamp\u00e3o no \u00d3culos.<\/p>\n<p>Meu maior desejo \u00e9 que seu filho tamb\u00e9m possa usar o oclusor sem problemas e com a mesma alegria que o meu filho usou.<\/p>\n","protected":false},"excerpt":{"rendered":"<p>OCLUSOR OCULAR INFANTIL &#8211; TAMP\u00c3O NO \u00d3CULOS Transforme o momento da oclus\u00e3o em uma experi\u00eancia divertida, confort\u00e1vel e cheia de imagina\u00e7\u00e3o! Agora com NOVOS PERSONAGENS! Super-her\u00f3is, princesas e personagens que as crian\u00e7as adoram chegaram para deixar o dia a dia delas mais alegre e cheio de cor! Ideal para estimular a aceita\u00e7\u00e3o do uso do [&hellip;]<\/p>\n","protected":false},"featured_media":2583,"comment_status":"open","ping_status":"closed","template":"","meta":{"_acf_changed":false,"_joinchat":[]},"product_brand":[],"product_cat":[27,23,18,24,17],"product_tag":[],"class_list":{"0":"post-391","1":"product","2":"type-product","3":"status-publish","4":"has-post-thumbnail","6":"product_cat-filmes-e-desenhos","7":"product_cat-mais-vendidos","8":"product_cat-meninos","9":"product_cat-novidades","10":"product_cat-super-herois","12":"first","13":"instock","14":"sale","15":"shipping-taxable","16":"purchasable","17":"product-type-simple"},"acf":[],"_links":{"self":[{"href":"https:\/\/tampaonooculos.com.br\/index.php?rest_route=\/wp\/v2\/product\/391","targetHints":{"allow":["GET"]}}],"collection":[{"href":"https:\/\/tampaonooculos.com.br\/index.php?rest_route=\/wp\/v2\/product"}],"about":[{"href":"https:\/\/tampaonooculos.com.br\/index.php?rest_route=\/wp\/v2\/types\/product"}],"replies":[{"embeddable":true,"href":"https:\/\/tampaonooculos.com.br\/index.php?rest_route=%2Fwp%2Fv2%2Fcomments&post=391"}],"wp:featuredmedia":[{"embeddable":true,"href":"https:\/\/tampaonooculos.com.br\/index.php?rest_route=\/wp\/v2\/media\/2583"}],"wp:attachment":[{"href":"https:\/\/tampaonooculos.com.br\/index.php?rest_route=%2Fwp%2Fv2%2Fmedia&parent=391"}],"wp:term":[{"taxonomy":"product_brand","embeddable":true,"href":"https:\/\/tampaonooculos.com.br\/index.php?rest_route=%2Fwp%2Fv2%2Fproduct_brand&post=391"},{"taxonomy":"product_cat","embeddable":true,"href":"https:\/\/tampaonooculos.com.br\/index.php?rest_route=%2Fwp%2Fv2%2Fproduct_cat&post=391"},{"taxonomy":"product_tag","embeddable":true,"href":"https:\/\/tampaonooculos.com.br\/index.php?rest_route=%2Fwp%2Fv2%2Fproduct_tag&post=391"}],"curies":[{"name":"wp","href":"https:\/\/api.w.org\/{rel}","templated":true}]}}